{"id":4700,"date":"2014-09-01T21:30:39","date_gmt":"2014-09-01T21:30:39","guid":{"rendered":"http:\/\/www.espiritunature.com\/?page_id=4700"},"modified":"2015-02-03T18:50:10","modified_gmt":"2015-02-03T18:50:10","slug":"quienes-somos","status":"publish","type":"page","link":"https:\/\/www.espiritunature.com\/es\/quienes-somos\/","title":{"rendered":"Qui\u00e9nes somos"},"content":{"rendered":"<p style=\"text-align: justify;\">Somos un <strong><a title=\"Nuestro equipo\" href=\"https:\/\/www.espiritunature.com\/nuestro-equipo\/\">equipo<\/a><\/strong> multidisciplinar de especialistas en conservaci\u00f3n de la biodiversidad, turismo sostenible y desarrollo socio-econ\u00f3mico. <strong>Esp\u00edrituNATURE <\/strong>combina experiencias como vivir con tribus ind\u00edgenas, viajes por zonas salvajes de todo el mundo y el tener ni\u00f1os creciendo en nuestras casas, para crear experiencias \u00fanicas al aire libre, para todas las edades y tipos de personas.<\/p>\n<hr \/>\n<div class=\"ezcol ezcol-one-half\" style=\"text-align: justify;\">\n<p><strong>Sostenibilidad\u2026<\/strong><br \/>\nCreemos que uno s\u00f3lo puede realmente disfrutar de la naturaleza cuando obtiene un profundo entendimiento de nuestra total dependencia de ella, aliment\u00e1ndose con comida saludable, respirando aire limpio y bebiendo agua pura. La sostenibilidad forma parte del tejido de la estructura de nuestra empresa, est\u00e1 presente en todas nuestras actividades y es transmitido por nuestros gu\u00edas y instructores.<\/p>\n<p><strong>Calidad\u2026<\/strong><br \/>\nEsp\u00edrituNATURE intenta ofrecer la calidad m\u00e1s alta para sus clientes, seleccionando destinos, productos y gu\u00edas con la sostenibilidad y el respeto para la poblaci\u00f3n local como nuestra prioridad m\u00e1s alta. Todos los gu\u00edas e instructores de <strong>Esp\u00edrituNATURE<\/strong> tienen certificaci\u00f3n <a href=\"http:\/\/www.uimla.org\/cms\/\" target=\"_blank\"><strong>UIMLA<\/strong><\/a> o est\u00e1n especialmente seleccionados por su conocimiento o experiencia y cumplen con el est\u00e1ndar de calidad de la <a href=\"http:\/\/wildernessguidesassociation.com\/\" target=\"_blank\"><strong>Wilderness Guides Association<\/strong><\/a>.<\/p>\n<\/div> <div class=\"ezcol ezcol-one-half ezcol-last\" style=\"text-align: justify;\">\n<p><strong>Nuestra visi\u00f3n\u2026<\/strong><br \/>\nUn mundo con m\u00e1s naturaleza y m\u00e1s salvaje. Aumentando la conciencia de nuestro papel en la naturaleza. Nuestros propios ni\u00f1os educando a sus padres. El medio rural como generador de oportunidades, con gu\u00edas-int\u00e9rpretes capacitados y comprometidos, que inspiran y transmiten valores de sostenibilidad.<\/p>\n<p><strong>Qu\u00e9 ofrecemos\u2026<\/strong><br \/>\nCursos para primaria y secundaria, campamentos en la naturaleza, experiencias en familia, cursos de supervivencia, observaci\u00f3n de fauna silvestre, consultor\u00eda en conservaci\u00f3n de la naturaleza, turismo sostenible y desarrollo socio-econ\u00f3mico.<\/p>\n<p>Y siempre con el <strong>Esp\u00edritu<\/strong> de la <strong>Naturaleza<\/strong> como ingrediente principal.<\/p>\n<p style=\"text-align: right;\"><strong><a title=\"Nuestro equipo\" href=\"https:\/\/www.espiritunature.com\/nuestro-equipo\/\">El equipo de Esp\u00edrituNATURE<\/a><\/strong><\/p>\n<\/div><div class=\"ezcol-divider\"><\/div><\/p>\n","protected":false},"excerpt":{"rendered":"<p>Somos un equipo multidisciplinar de especialistas en conservaci\u00f3n de la biodiversidad, turismo sostenible y desarrollo socio-econ\u00f3mico. Esp\u00edrituNATURE combina experiencias como vivir con tribus ind\u00edgenas, viajes por zonas salvajes de todo el mundo y el tener ni\u00f1os creciendo en nuestras casas, para crear experiencias \u00fanicas al aire libre, para todas las edades y tipos de personas.<\/p>\n","protected":false},"author":2,"featured_media":0,"parent":0,"menu_order":0,"comment_status":"closed","ping_status":"closed","template":"","meta":[],"_links":{"self":[{"href":"https:\/\/www.espiritunature.com\/es\/wp-json\/wp\/v2\/pages\/4700"}],"collection":[{"href":"https:\/\/www.espiritunature.com\/es\/wp-json\/wp\/v2\/pages"}],"about":[{"href":"https:\/\/www.espiritunature.com\/es\/wp-json\/wp\/v2\/types\/page"}],"author":[{"embeddable":true,"href":"https:\/\/www.espiritunature.com\/es\/wp-json\/wp\/v2\/users\/2"}],"replies":[{"embeddable":true,"href":"https:\/\/www.espiritunature.com\/es\/wp-json\/wp\/v2\/comments?post=4700"}],"version-history":[{"count":49,"href":"https:\/\/www.espiritunature.com\/es\/wp-json\/wp\/v2\/pages\/4700\/revisions"}],"predecessor-version":[{"id":5894,"href":"https:\/\/www.espiritunature.com\/es\/wp-json\/wp\/v2\/pages\/4700\/revisions\/5894"}],"wp:attachment":[{"href":"https:\/\/www.espiritunature.com\/es\/wp-json\/wp\/v2\/media?parent=4700"}],"curies":[{"name":"wp","href":"https:\/\/api.w.org\/{rel}","templated":true}]}}